{"id":1921,"date":"2021-11-16T10:20:56","date_gmt":"2021-11-16T10:20:56","guid":{"rendered":"https:\/\/foodsafety.upb.ro\/?page_id=1921"},"modified":"2022-07-20T17:35:31","modified_gmt":"2022-07-20T14:35:31","slug":"analize-de-laborator-in-regim-acreditat","status":"publish","type":"page","link":"https:\/\/foodsafety.upb.ro\/en\/analize-de-laborator-in-regim-acreditat\/","title":{"rendered":"Accredited test methods"},"content":{"rendered":"\t\t<div data-elementor-type=\"wp-page\" data-elementor-id=\"1921\" class=\"elementor elementor-1921\" data-elementor-post-type=\"page\">\n\t\t\t\t\t\t<section class=\"elementor-section elementor-top-section elementor-element elementor-element-444f459 elementor-section-boxed elementor-section-height-default elementor-section-height-default\" data-id=\"444f459\" data-element_type=\"section\" data-e-type=\"section\" data-settings=\"{&quot;background_background&quot;:&quot;classic&quot;}\">\n\t\t\t\t\t\t\t<div class=\"elementor-background-overlay\"><\/div>\n\t\t\t\t\t\t\t<div class=\"elementor-container elementor-column-gap-default\">\n\t\t\t\t\t<div class=\"elementor-column elementor-col-100 elementor-top-column elementor-element elementor-element-f000bf2\" data-id=\"f000bf2\" data-element_type=\"column\" data-e-type=\"column\">\n\t\t\t<div class=\"elementor-widget-wrap elementor-element-populated\">\n\t\t\t\t\t\t<div class=\"elementor-element elementor-element-c39abac elementor-widget elementor-widget-heading\" data-id=\"c39abac\" data-element_type=\"widget\" data-e-type=\"widget\" data-widget_type=\"heading.default\">\n\t\t\t\t<div class=\"elementor-widget-container\">\n\t\t\t\t\t<h1 class=\"elementor-heading-title elementor-size-default\">Analize de laborator \u00een regim acreditat<\/h1>\t\t\t\t<\/div>\n\t\t\t\t<\/div>\n\t\t\t\t\t<\/div>\n\t\t<\/div>\n\t\t\t\t\t<\/div>\n\t\t<\/section>\n\t\t\t\t<section class=\"elementor-section elementor-top-section elementor-element elementor-element-028349b elementor-section-boxed elementor-section-height-default elementor-section-height-default\" data-id=\"028349b\" data-element_type=\"section\" data-e-type=\"section\" data-settings=\"{&quot;background_background&quot;:&quot;classic&quot;}\">\n\t\t\t\t\t\t\t<div class=\"elementor-background-overlay\"><\/div>\n\t\t\t\t\t\t\t<div class=\"elementor-container elementor-column-gap-default\">\n\t\t\t\t\t<div class=\"elementor-column elementor-col-50 elementor-top-column elementor-element elementor-element-503354f\" data-id=\"503354f\" data-element_type=\"column\" data-e-type=\"column\">\n\t\t\t<div class=\"elementor-widget-wrap elementor-element-populated\">\n\t\t\t\t\t\t<div class=\"elementor-element elementor-element-9028f85 elementor-widget elementor-widget-spacer\" data-id=\"9028f85\" data-element_type=\"widget\" data-e-type=\"widget\" data-widget_type=\"spacer.default\">\n\t\t\t\t<div class=\"elementor-widget-container\">\n\t\t\t\t\t\t\t<div class=\"elementor-spacer\">\n\t\t\t<div class=\"elementor-spacer-inner\"><\/div>\n\t\t<\/div>\n\t\t\t\t\t\t<\/div>\n\t\t\t\t<\/div>\n\t\t\t\t<div class=\"elementor-element elementor-element-8c0b251 elementor-widget elementor-widget-text-editor\" data-id=\"8c0b251\" data-element_type=\"widget\" data-e-type=\"widget\" data-widget_type=\"text-editor.default\">\n\t\t\t\t<div class=\"elementor-widget-container\">\n\t\t\t\t\t\t\t\t\t<p>Un obiectiv esen\u021bial al proiectului pentru dezvoltarea Centrului Na\u021bional de Cercet\u0103ri \u0218tiin\u021bifice pentru Siguran\u021ba Alimentar\u0103 a constat \u00een acreditarea RENAR a laboratoarelor dedicate controlului calit\u0103\u021bii, siguran\u021bei \u0219i securit\u0103\u021bii alimentare.<\/p><p>Astfel, prin echipa de cercet\u0103tori \u0219i tineri doctoranzi \u0219i post-doctoranzi implicat\u0103, a fost acordat Certificatul de Acreditare la data de 19.07.2021 pentru \u00eendeplinirea cerin\u021belor SR EN ISO\/IEC 17025:2018 \u00een vederea efectu\u0103rii urm\u0103toarelor \u00eencerc\u0103ri:<\/p><p>\u00a0<\/p><p><b>1. Metode prin spectrometrie de mas\u0103 cu plasm\u0103 cuplat\u0103 inductiv (ICP MS)<\/b><\/p><ul><li style=\"font-weight: 400\"><span style=\"font-weight: 400\">Metoda fizico-chimic\u0103 prin ICP-MS pentru determinarea elementelor minerale (Ag, Al, As, Ba, Be, Ca, Cd, Co, Cr, Cs, Cu, Fe, Ga, K, Li, Mg, Mn, Na, Ni, Pb, Rb, Se, Sr, Tl, U, V, Zn) pentru produse alimentare (lapte, produse lactate, carne, miere, fructe, legume) \u0219i ap\u0103 potabil\u0103, ap\u0103 de suprafa\u021b\u0103, ap\u0103 rezidual\u0103;<\/span><\/li><\/ul>\t\t\t\t\t\t\t\t<\/div>\n\t\t\t\t<\/div>\n\t\t\t\t\t<\/div>\n\t\t<\/div>\n\t\t\t\t<div class=\"elementor-column elementor-col-50 elementor-top-column elementor-element elementor-element-f3f51cf\" data-id=\"f3f51cf\" data-element_type=\"column\" data-e-type=\"column\" data-settings=\"{&quot;background_background&quot;:&quot;classic&quot;}\">\n\t\t\t<div class=\"elementor-widget-wrap elementor-element-populated\">\n\t\t\t\t\t\t<div class=\"elementor-element elementor-element-60df3a6 elementor-widget elementor-widget-image\" data-id=\"60df3a6\" data-element_type=\"widget\" data-e-type=\"widget\" data-settings=\"{&quot;motion_fx_motion_fx_scrolling&quot;:&quot;yes&quot;,&quot;motion_fx_translateY_effect&quot;:&quot;yes&quot;,&quot;motion_fx_translateY_speed&quot;:{&quot;unit&quot;:&quot;px&quot;,&quot;size&quot;:4,&quot;sizes&quot;:[]},&quot;motion_fx_translateY_affectedRange&quot;:{&quot;unit&quot;:&quot;%&quot;,&quot;size&quot;:&quot;&quot;,&quot;sizes&quot;:{&quot;start&quot;:0,&quot;end&quot;:100}},&quot;motion_fx_devices&quot;:[&quot;desktop&quot;,&quot;tablet&quot;,&quot;mobile&quot;]}\" data-widget_type=\"image.default\">\n\t\t\t\t<div class=\"elementor-widget-container\">\n\t\t\t\t\t\t\t\t\t\t\t\t\t\t\t<img fetchpriority=\"high\" decoding=\"async\" width=\"800\" height=\"800\" src=\"https:\/\/foodsafety.upb.ro\/wp-content\/uploads\/2021\/09\/banner-demo-1-1024x1024.png\" class=\"attachment-large size-large wp-image-65\" alt=\"\" srcset=\"https:\/\/foodsafety.upb.ro\/wp-content\/uploads\/2021\/09\/banner-demo-1-1024x1024.png 1024w, https:\/\/foodsafety.upb.ro\/wp-content\/uploads\/2021\/09\/banner-demo-1-300x300.png 300w, https:\/\/foodsafety.upb.ro\/wp-content\/uploads\/2021\/09\/banner-demo-1-150x150.png 150w, https:\/\/foodsafety.upb.ro\/wp-content\/uploads\/2021\/09\/banner-demo-1-768x768.png 768w, https:\/\/foodsafety.upb.ro\/wp-content\/uploads\/2021\/09\/banner-demo-1.png 1200w\" sizes=\"(max-width: 800px) 100vw, 800px\" \/>\t\t\t\t\t\t\t\t\t\t\t\t\t\t\t<\/div>\n\t\t\t\t<\/div>\n\t\t\t\t<div class=\"elementor-element elementor-element-cbce74b elementor-widget elementor-widget-image\" data-id=\"cbce74b\" data-element_type=\"widget\" data-e-type=\"widget\" data-widget_type=\"image.default\">\n\t\t\t\t<div class=\"elementor-widget-container\">\n\t\t\t\t\t\t\t\t\t\t\t\t\t\t\t<img decoding=\"async\" width=\"800\" height=\"800\" src=\"https:\/\/foodsafety.upb.ro\/wp-content\/uploads\/2021\/09\/logo-buble-1024x1024.png\" class=\"attachment-large size-large wp-image-184\" alt=\"\" srcset=\"https:\/\/foodsafety.upb.ro\/wp-content\/uploads\/2021\/09\/logo-buble-1024x1024.png 1024w, https:\/\/foodsafety.upb.ro\/wp-content\/uploads\/2021\/09\/logo-buble-300x300.png 300w, https:\/\/foodsafety.upb.ro\/wp-content\/uploads\/2021\/09\/logo-buble-150x150.png 150w, https:\/\/foodsafety.upb.ro\/wp-content\/uploads\/2021\/09\/logo-buble-768x768.png 768w, https:\/\/foodsafety.upb.ro\/wp-content\/uploads\/2021\/09\/logo-buble.png 1200w\" sizes=\"(max-width: 800px) 100vw, 800px\" \/>\t\t\t\t\t\t\t\t\t\t\t\t\t\t\t<\/div>\n\t\t\t\t<\/div>\n\t\t\t\t\t<\/div>\n\t\t<\/div>\n\t\t\t\t\t<\/div>\n\t\t<\/section>\n\t\t\t\t<section class=\"elementor-section elementor-top-section elementor-element elementor-element-0bb4436 elementor-section-boxed elementor-section-height-default elementor-section-height-default\" data-id=\"0bb4436\" data-element_type=\"section\" data-e-type=\"section\">\n\t\t\t\t\t\t<div class=\"elementor-container elementor-column-gap-default\">\n\t\t\t\t\t<div class=\"elementor-column elementor-col-100 elementor-top-column elementor-element elementor-element-3d73057\" data-id=\"3d73057\" data-element_type=\"column\" data-e-type=\"column\">\n\t\t\t<div class=\"elementor-widget-wrap elementor-element-populated\">\n\t\t\t\t\t\t<div class=\"elementor-element elementor-element-88326bc elementor-widget elementor-widget-text-editor\" data-id=\"88326bc\" data-element_type=\"widget\" data-e-type=\"widget\" data-widget_type=\"text-editor.default\">\n\t\t\t\t<div class=\"elementor-widget-container\">\n\t\t\t\t\t\t\t\t\t<p><b>2. Metode prin spectroscopie \u00een infraro\u0219u cu transformat\u0103 Fourier (FT-IR)<\/b><\/p><ul><li style=\"font-weight: 400\"><span style=\"font-weight: 400\">Metoda fizico-chimic\u0103 prin FT-IR pentru determinarea calitativ\u0103 a matricei probelor pentru produse alimentare (miere, pe\u0219te, f\u0103in\u0103, arahide, ca\u0219caval, vin) \u0219i ap\u0103 plat\u0103 \u0219i ap\u0103 uzat\u0103;<\/span><\/li><li style=\"font-weight: 400\"><span style=\"font-weight: 400\">Metoda fizico-chimic\u0103 prin FT-IR pentru determinarea gr\u0103similor pentru produse alimentare (arahide, pe\u0219te, ca\u0219caval);<\/span><\/li><\/ul>\t\t\t\t\t\t\t\t<\/div>\n\t\t\t\t<\/div>\n\t\t\t\t\t<\/div>\n\t\t<\/div>\n\t\t\t\t\t<\/div>\n\t\t<\/section>\n\t\t\t\t<section class=\"elementor-section elementor-top-section elementor-element elementor-element-9b4eadf elementor-section-boxed elementor-section-height-default elementor-section-height-default\" data-id=\"9b4eadf\" data-element_type=\"section\" data-e-type=\"section\">\n\t\t\t\t\t\t<div class=\"elementor-container elementor-column-gap-default\">\n\t\t\t\t\t<div class=\"elementor-column elementor-col-100 elementor-top-column elementor-element elementor-element-d9c4084\" data-id=\"d9c4084\" data-element_type=\"column\" data-e-type=\"column\">\n\t\t\t<div class=\"elementor-widget-wrap elementor-element-populated\">\n\t\t\t\t\t\t<div class=\"elementor-element elementor-element-6cb4465 elementor-widget elementor-widget-text-editor\" data-id=\"6cb4465\" data-element_type=\"widget\" data-e-type=\"widget\" data-widget_type=\"text-editor.default\">\n\t\t\t\t<div class=\"elementor-widget-container\">\n\t\t\t\t\t\t\t\t\t<p><b>3. Metode prin termogravimetrie \/ calorimetrie de scanare diferen\u021bial\u0103 (TG\/DSC)<\/b><\/p><ul><li style=\"font-weight: 400\"><span style=\"font-weight: 400\">Metoda fizico-chimic\u0103 prin TG\/DSC pentru determinarea pierderii de mas\u0103 la \u00eenc\u0103lzire pentru f\u0103in\u0103 de gr\u00e2u;<\/span><\/li><\/ul>\t\t\t\t\t\t\t\t<\/div>\n\t\t\t\t<\/div>\n\t\t\t\t\t<\/div>\n\t\t<\/div>\n\t\t\t\t\t<\/div>\n\t\t<\/section>\n\t\t\t\t<section class=\"elementor-section elementor-top-section elementor-element elementor-element-d128f6e elementor-section-boxed elementor-section-height-default elementor-section-height-default\" data-id=\"d128f6e\" data-element_type=\"section\" data-e-type=\"section\">\n\t\t\t\t\t\t<div class=\"elementor-container elementor-column-gap-default\">\n\t\t\t\t\t<div class=\"elementor-column elementor-col-100 elementor-top-column elementor-element elementor-element-076ed63\" data-id=\"076ed63\" data-element_type=\"column\" data-e-type=\"column\">\n\t\t\t<div class=\"elementor-widget-wrap elementor-element-populated\">\n\t\t\t\t\t\t<div class=\"elementor-element elementor-element-b62562c elementor-widget elementor-widget-text-editor\" data-id=\"b62562c\" data-element_type=\"widget\" data-e-type=\"widget\" data-widget_type=\"text-editor.default\">\n\t\t\t\t<div class=\"elementor-widget-container\">\n\t\t\t\t\t\t\t\t\t<p><b>4. Metode prin gaz cromatografie \u0219i lichid cromatografie cu detectori de spectrometrie de mas\u0103 (GC-MS \u0219i respectiv LC-MS)<\/b><\/p><ul><li style=\"font-weight: 400\"><span style=\"font-weight: 400\">Metoda fizico-chimic\u0103 prin GC-MS pentru determinarea pesticidelor (<\/span><b>organofosforice<\/b><span style=\"font-weight: 400\"> \u2013 Azinfos metil, Clorpirifos, Clorpirifos metil, EPN, Fenitrotion, Isazofos, Fosalona, Fosmet, Primifos-etil, Primifos-metil, Piridafention \u2013 \u0219i <\/span><b>organoclorurate<\/b><span style=\"font-weight: 400\"> \u2013 Aldrin, \u03b1-BHC, \u03b2-BHC, \u03b4-BHC, \u03b3-BHC, clorbensida, cis-clordan, trans-clordan, 2,4\u2019 \u2013 DDD, 2,4\u2019-DDE, 4,4\u2019-DDE, 2,4\u2019-DDT, Dieldrin, Endosulfan I, Endosulfan II, Endrin, clorfenson, cloroneb, 4,4\u2019-diclorobenzofenona, Endosulfan ether, Endosulfan sulfate, Endrin ketone, Ethylan, Heptachlor, Heptachlor epoxide, Hexaclorobenzene, Isodrin, 4,4\u2019-Metoxychlor olefin, Mirex, cis-Nonachlor, trans-Nonachlor, Pentachloroanisole, Pentachlorobenzene, Pentachlorothioanisole) pentru ap\u0103 potabil\u0103, ap\u0103 de suprafa\u021b\u0103 \u0219i ap\u0103 rezidual\u0103;<\/span><\/li><li style=\"font-weight: 400\"><span style=\"font-weight: 400\">Metoda fizico-chimic\u0103 prin LC-MS pentru determinarea medicamentelor (imipenem, clindamicina clorhidrat, eritromicina, colistin sulfat, meropenem, vancomicina clorhidrat) pentru ap\u0103 potabil\u0103, ap\u0103 de suprafa\u021b\u0103 \u0219i ap\u0103 rezidual\u0103.<\/span><\/li><\/ul>\t\t\t\t\t\t\t\t<\/div>\n\t\t\t\t<\/div>\n\t\t\t\t\t<\/div>\n\t\t<\/div>\n\t\t\t\t\t<\/div>\n\t\t<\/section>\n\t\t\t\t<section class=\"elementor-section elementor-top-section elementor-element elementor-element-63fbe2e elementor-section-boxed elementor-section-height-default elementor-section-height-default\" data-id=\"63fbe2e\" data-element_type=\"section\" data-e-type=\"section\">\n\t\t\t\t\t\t\t<div class=\"elementor-background-overlay\"><\/div>\n\t\t\t\t\t\t\t<div class=\"elementor-container elementor-column-gap-default\">\n\t\t\t\t\t<div class=\"elementor-column elementor-col-100 elementor-top-column elementor-element elementor-element-1858a7a\" data-id=\"1858a7a\" data-element_type=\"column\" data-e-type=\"column\">\n\t\t\t<div class=\"elementor-widget-wrap elementor-element-populated\">\n\t\t\t\t\t\t\t<\/div>\n\t\t<\/div>\n\t\t\t\t\t<\/div>\n\t\t<\/section>\n\t\t\t\t<\/div>\n\t\t","protected":false},"excerpt":{"rendered":"<p>Analize de laborator \u00een regim acreditat Un obiectiv esen\u021bial al proiectului pentru dezvoltarea Centrului Na\u021bional de Cercet\u0103ri \u0218tiin\u021bifice pentru Siguran\u021ba Alimentar\u0103 a constat \u00een acreditarea RENAR a laboratoarelor dedicate controlului calit\u0103\u021bii, siguran\u021bei \u0219i securit\u0103\u021bii alimentare. Astfel, prin echipa de cercet\u0103tori \u0219i tineri doctoranzi \u0219i post-doctoranzi implicat\u0103, a fost acordat Certificatul de Acreditare la data de [&hellip;]<\/p>\n","protected":false},"author":2,"featured_media":0,"parent":0,"menu_order":0,"comment_status":"closed","ping_status":"closed","template":"elementor_header_footer","meta":{"footnotes":""},"class_list":["post-1921","page","type-page","status-publish","hentry"],"yoast_head":"<!-- This site is optimized with the Yoast SEO plugin v27.4 - https:\/\/yoast.com\/product\/yoast-seo-wordpress\/ -->\n<title>Analize de laborator \u00een regim acreditat - FoodSafety<\/title>\n<meta name=\"description\" content=\"Metode prin spectrometrie de mas\u0103 cu plasm\u0103 cuplat\u0103 inductiv (ICP MS), Metode prin spectroscopie \u00een infraro\u0219u cu transformat\u0103 Fourier ...\" \/>\n<meta name=\"robots\" content=\"index, follow, max-snippet:-1, max-image-preview:large, max-video-preview:-1\" \/>\n<link rel=\"canonical\" href=\"https:\/\/foodsafety.upb.ro\/en\/analize-de-laborator-in-regim-acreditat\/\" \/>\n<meta property=\"og:locale\" content=\"en_US\" \/>\n<meta property=\"og:type\" content=\"article\" \/>\n<meta property=\"og:title\" content=\"Analize de laborator \u00een regim acreditat - FoodSafety\" \/>\n<meta property=\"og:description\" content=\"Metode prin spectrometrie de mas\u0103 cu plasm\u0103 cuplat\u0103 inductiv (ICP MS), Metode prin spectroscopie \u00een infraro\u0219u cu transformat\u0103 Fourier ...\" \/>\n<meta property=\"og:url\" content=\"https:\/\/foodsafety.upb.ro\/en\/analize-de-laborator-in-regim-acreditat\/\" \/>\n<meta property=\"og:site_name\" content=\"FoodSafety\" \/>\n<meta property=\"article:modified_time\" content=\"2022-07-20T14:35:31+00:00\" \/>\n<meta property=\"og:image\" content=\"https:\/\/foodsafety.upb.ro\/wp-content\/uploads\/2021\/09\/hero-home2.jpeg\" \/>\n\t<meta property=\"og:image:width\" content=\"1920\" \/>\n\t<meta property=\"og:image:height\" content=\"1100\" \/>\n\t<meta property=\"og:image:type\" content=\"image\/jpeg\" \/>\n<script type=\"application\/ld+json\" class=\"yoast-schema-graph\">{\"@context\":\"https:\\\/\\\/schema.org\",\"@graph\":[{\"@type\":\"WebPage\",\"@id\":\"https:\\\/\\\/foodsafety.upb.ro\\\/analize-de-laborator-in-regim-acreditat\\\/\",\"url\":\"https:\\\/\\\/foodsafety.upb.ro\\\/analize-de-laborator-in-regim-acreditat\\\/\",\"name\":\"Analize de laborator \u00een regim acreditat - FoodSafety\",\"isPartOf\":{\"@id\":\"https:\\\/\\\/foodsafety.upb.ro\\\/#website\"},\"primaryImageOfPage\":{\"@id\":\"https:\\\/\\\/foodsafety.upb.ro\\\/analize-de-laborator-in-regim-acreditat\\\/#primaryimage\"},\"image\":{\"@id\":\"https:\\\/\\\/foodsafety.upb.ro\\\/analize-de-laborator-in-regim-acreditat\\\/#primaryimage\"},\"thumbnailUrl\":\"https:\\\/\\\/foodsafety.upb.ro\\\/wp-content\\\/uploads\\\/2021\\\/09\\\/banner-demo-1-1024x1024.png\",\"datePublished\":\"2021-11-16T10:20:56+00:00\",\"dateModified\":\"2022-07-20T14:35:31+00:00\",\"description\":\"Metode prin spectrometrie de mas\u0103 cu plasm\u0103 cuplat\u0103 inductiv (ICP MS), Metode prin spectroscopie \u00een infraro\u0219u cu transformat\u0103 Fourier ...\",\"breadcrumb\":{\"@id\":\"https:\\\/\\\/foodsafety.upb.ro\\\/analize-de-laborator-in-regim-acreditat\\\/#breadcrumb\"},\"inLanguage\":\"en-US\",\"potentialAction\":[{\"@type\":\"ReadAction\",\"target\":[\"https:\\\/\\\/foodsafety.upb.ro\\\/analize-de-laborator-in-regim-acreditat\\\/\"]}]},{\"@type\":\"ImageObject\",\"inLanguage\":\"en-US\",\"@id\":\"https:\\\/\\\/foodsafety.upb.ro\\\/analize-de-laborator-in-regim-acreditat\\\/#primaryimage\",\"url\":\"https:\\\/\\\/foodsafety.upb.ro\\\/wp-content\\\/uploads\\\/2021\\\/09\\\/banner-demo-1-1024x1024.png\",\"contentUrl\":\"https:\\\/\\\/foodsafety.upb.ro\\\/wp-content\\\/uploads\\\/2021\\\/09\\\/banner-demo-1-1024x1024.png\"},{\"@type\":\"BreadcrumbList\",\"@id\":\"https:\\\/\\\/foodsafety.upb.ro\\\/analize-de-laborator-in-regim-acreditat\\\/#breadcrumb\",\"itemListElement\":[{\"@type\":\"ListItem\",\"position\":1,\"name\":\"Home\",\"item\":\"https:\\\/\\\/foodsafety.upb.ro\\\/\"},{\"@type\":\"ListItem\",\"position\":2,\"name\":\"Analize de laborator \u00een regim acreditat\"}]},{\"@type\":\"WebSite\",\"@id\":\"https:\\\/\\\/foodsafety.upb.ro\\\/#website\",\"url\":\"https:\\\/\\\/foodsafety.upb.ro\\\/\",\"name\":\"FoodSafety\",\"description\":\"Centrul National de Cercetari Stiintifice pentru Siguranta Alimentara\",\"publisher\":{\"@id\":\"https:\\\/\\\/foodsafety.upb.ro\\\/#organization\"},\"potentialAction\":[{\"@type\":\"SearchAction\",\"target\":{\"@type\":\"EntryPoint\",\"urlTemplate\":\"https:\\\/\\\/foodsafety.upb.ro\\\/?s={search_term_string}\"},\"query-input\":{\"@type\":\"PropertyValueSpecification\",\"valueRequired\":true,\"valueName\":\"search_term_string\"}}],\"inLanguage\":\"en-US\"},{\"@type\":\"Organization\",\"@id\":\"https:\\\/\\\/foodsafety.upb.ro\\\/#organization\",\"name\":\"Centrul Na\u021bional de Cercet\u0103ri \u0218tiin\u021bifice pentru Siguran\u021ba Alimentar\u0103\",\"url\":\"https:\\\/\\\/foodsafety.upb.ro\\\/\",\"logo\":{\"@type\":\"ImageObject\",\"inLanguage\":\"en-US\",\"@id\":\"https:\\\/\\\/foodsafety.upb.ro\\\/#\\\/schema\\\/logo\\\/image\\\/\",\"url\":\"https:\\\/\\\/foodsafety.upb.ro\\\/wp-content\\\/uploads\\\/2021\\\/09\\\/cropped-cropped-logo-cncs.png\",\"contentUrl\":\"https:\\\/\\\/foodsafety.upb.ro\\\/wp-content\\\/uploads\\\/2021\\\/09\\\/cropped-cropped-logo-cncs.png\",\"width\":512,\"height\":512,\"caption\":\"Centrul Na\u021bional de Cercet\u0103ri \u0218tiin\u021bifice pentru Siguran\u021ba Alimentar\u0103\"},\"image\":{\"@id\":\"https:\\\/\\\/foodsafety.upb.ro\\\/#\\\/schema\\\/logo\\\/image\\\/\"}}]}<\/script>\n<!-- \/ Yoast SEO plugin. -->","yoast_head_json":{"title":"Analize de laborator \u00een regim acreditat - FoodSafety","description":"Metode prin spectrometrie de mas\u0103 cu plasm\u0103 cuplat\u0103 inductiv (ICP MS), Metode prin spectroscopie \u00een infraro\u0219u cu transformat\u0103 Fourier ...","robots":{"index":"index","follow":"follow","max-snippet":"max-snippet:-1","max-image-preview":"max-image-preview:large","max-video-preview":"max-video-preview:-1"},"canonical":"https:\/\/foodsafety.upb.ro\/en\/analize-de-laborator-in-regim-acreditat\/","og_locale":"en_US","og_type":"article","og_title":"Analize de laborator \u00een regim acreditat - FoodSafety","og_description":"Metode prin spectrometrie de mas\u0103 cu plasm\u0103 cuplat\u0103 inductiv (ICP MS), Metode prin spectroscopie \u00een infraro\u0219u cu transformat\u0103 Fourier ...","og_url":"https:\/\/foodsafety.upb.ro\/en\/analize-de-laborator-in-regim-acreditat\/","og_site_name":"FoodSafety","article_modified_time":"2022-07-20T14:35:31+00:00","og_image":[{"width":1920,"height":1100,"url":"https:\/\/foodsafety.upb.ro\/wp-content\/uploads\/2021\/09\/hero-home2.jpeg","type":"image\/jpeg"}],"schema":{"@context":"https:\/\/schema.org","@graph":[{"@type":"WebPage","@id":"https:\/\/foodsafety.upb.ro\/analize-de-laborator-in-regim-acreditat\/","url":"https:\/\/foodsafety.upb.ro\/analize-de-laborator-in-regim-acreditat\/","name":"Analize de laborator \u00een regim acreditat - FoodSafety","isPartOf":{"@id":"https:\/\/foodsafety.upb.ro\/#website"},"primaryImageOfPage":{"@id":"https:\/\/foodsafety.upb.ro\/analize-de-laborator-in-regim-acreditat\/#primaryimage"},"image":{"@id":"https:\/\/foodsafety.upb.ro\/analize-de-laborator-in-regim-acreditat\/#primaryimage"},"thumbnailUrl":"https:\/\/foodsafety.upb.ro\/wp-content\/uploads\/2021\/09\/banner-demo-1-1024x1024.png","datePublished":"2021-11-16T10:20:56+00:00","dateModified":"2022-07-20T14:35:31+00:00","description":"Metode prin spectrometrie de mas\u0103 cu plasm\u0103 cuplat\u0103 inductiv (ICP MS), Metode prin spectroscopie \u00een infraro\u0219u cu transformat\u0103 Fourier ...","breadcrumb":{"@id":"https:\/\/foodsafety.upb.ro\/analize-de-laborator-in-regim-acreditat\/#breadcrumb"},"inLanguage":"en-US","potentialAction":[{"@type":"ReadAction","target":["https:\/\/foodsafety.upb.ro\/analize-de-laborator-in-regim-acreditat\/"]}]},{"@type":"ImageObject","inLanguage":"en-US","@id":"https:\/\/foodsafety.upb.ro\/analize-de-laborator-in-regim-acreditat\/#primaryimage","url":"https:\/\/foodsafety.upb.ro\/wp-content\/uploads\/2021\/09\/banner-demo-1-1024x1024.png","contentUrl":"https:\/\/foodsafety.upb.ro\/wp-content\/uploads\/2021\/09\/banner-demo-1-1024x1024.png"},{"@type":"BreadcrumbList","@id":"https:\/\/foodsafety.upb.ro\/analize-de-laborator-in-regim-acreditat\/#breadcrumb","itemListElement":[{"@type":"ListItem","position":1,"name":"Home","item":"https:\/\/foodsafety.upb.ro\/"},{"@type":"ListItem","position":2,"name":"Analize de laborator \u00een regim acreditat"}]},{"@type":"WebSite","@id":"https:\/\/foodsafety.upb.ro\/#website","url":"https:\/\/foodsafety.upb.ro\/","name":"FoodSafety","description":"Centrul National de Cercetari Stiintifice pentru Siguranta Alimentara","publisher":{"@id":"https:\/\/foodsafety.upb.ro\/#organization"},"potentialAction":[{"@type":"SearchAction","target":{"@type":"EntryPoint","urlTemplate":"https:\/\/foodsafety.upb.ro\/?s={search_term_string}"},"query-input":{"@type":"PropertyValueSpecification","valueRequired":true,"valueName":"search_term_string"}}],"inLanguage":"en-US"},{"@type":"Organization","@id":"https:\/\/foodsafety.upb.ro\/#organization","name":"National Center for Scientific Research for Food Safety","url":"https:\/\/foodsafety.upb.ro\/","logo":{"@type":"ImageObject","inLanguage":"en-US","@id":"https:\/\/foodsafety.upb.ro\/#\/schema\/logo\/image\/","url":"https:\/\/foodsafety.upb.ro\/wp-content\/uploads\/2021\/09\/cropped-cropped-logo-cncs.png","contentUrl":"https:\/\/foodsafety.upb.ro\/wp-content\/uploads\/2021\/09\/cropped-cropped-logo-cncs.png","width":512,"height":512,"caption":"Centrul Na\u021bional de Cercet\u0103ri \u0218tiin\u021bifice pentru Siguran\u021ba Alimentar\u0103"},"image":{"@id":"https:\/\/foodsafety.upb.ro\/#\/schema\/logo\/image\/"}}]}},"_links":{"self":[{"href":"https:\/\/foodsafety.upb.ro\/en\/wp-json\/wp\/v2\/pages\/1921","targetHints":{"allow":["GET"]}}],"collection":[{"href":"https:\/\/foodsafety.upb.ro\/en\/wp-json\/wp\/v2\/pages"}],"about":[{"href":"https:\/\/foodsafety.upb.ro\/en\/wp-json\/wp\/v2\/types\/page"}],"author":[{"embeddable":true,"href":"https:\/\/foodsafety.upb.ro\/en\/wp-json\/wp\/v2\/users\/2"}],"replies":[{"embeddable":true,"href":"https:\/\/foodsafety.upb.ro\/en\/wp-json\/wp\/v2\/comments?post=1921"}],"version-history":[{"count":28,"href":"https:\/\/foodsafety.upb.ro\/en\/wp-json\/wp\/v2\/pages\/1921\/revisions"}],"predecessor-version":[{"id":2307,"href":"https:\/\/foodsafety.upb.ro\/en\/wp-json\/wp\/v2\/pages\/1921\/revisions\/2307"}],"wp:attachment":[{"href":"https:\/\/foodsafety.upb.ro\/en\/wp-json\/wp\/v2\/media?parent=1921"}],"curies":[{"name":"wp","href":"https:\/\/api.w.org\/{rel}","templated":true}]}}